{"id":434,"date":"2025-12-14T16:59:46","date_gmt":"2025-12-14T16:59:46","guid":{"rendered":"https:\/\/trufanegralajarilla.com\/?page_id=434"},"modified":"2026-01-01T21:55:17","modified_gmt":"2026-01-01T21:55:17","slug":"para-profesionales","status":"publish","type":"page","link":"https:\/\/trufanegralajarilla.com\/index.php\/para-profesionales\/","title":{"rendered":"Para Profesionales"},"content":{"rendered":"\n<div class=\"wp-block-cover alignfull is-light has-custom-content-position is-position-top-left has-medium-font-size wp-duotone-unset-1\" style=\"margin-top:0;padding-top:71px;padding-right:71px;padding-bottom:71px;padding-left:71px;min-height:63vh;aspect-ratio:unset;\"><img loading=\"lazy\" decoding=\"async\" width=\"1024\" height=\"982\" class=\"wp-block-cover__image-background wp-image-384 size-large\" alt=\"\" src=\"http:\/\/trufanegralajarilla.com\/wp-content\/uploads\/2025\/12\/DSC015542-1024x982.jpg\" style=\"object-position:60% 89%\" data-object-fit=\"cover\" data-object-position=\"60% 89%\" srcset=\"https:\/\/trufanegralajarilla.com\/wp-content\/uploads\/2025\/12\/DSC015542-1024x982.jpg 1024w, https:\/\/trufanegralajarilla.com\/wp-content\/uploads\/2025\/12\/DSC015542-300x288.jpg 300w, https:\/\/trufanegralajarilla.com\/wp-content\/uploads\/2025\/12\/DSC015542-768x736.jpg 768w, https:\/\/trufanegralajarilla.com\/wp-content\/uploads\/2025\/12\/DSC015542-1536x1473.jpg 1536w, https:\/\/trufanegralajarilla.com\/wp-content\/uploads\/2025\/12\/DSC015542-2048x1964.jpg 2048w\" sizes=\"auto, (max-width: 1024px) 100vw, 1024px\" \/><span aria-hidden=\"true\" class=\"wp-block-cover__background has-background-dim\" style=\"background-color:#9e9b96\"><\/span><div class=\"wp-block-cover__inner-container is-layout-flow wp-container-core-cover-is-layout-d12806a8 wp-block-cover-is-layout-flow\">\n<div class=\"wp-block-group is-layout-flow wp-container-core-group-is-layout-1e52268a wp-block-group-is-layout-flow\" style=\"margin-top:0;margin-bottom:0;padding-top:0;padding-right:0;padding-bottom:0;padding-left:0\">\n<h2 class=\"wp-block-heading has-text-align-left has-text-color has-link-color has-alta-font-family wp-elements-e403d066bbc6aa6e1621e621515044ea\" style=\"color:#fffbf8;font-size:clamp(2.629rem, 2.629rem + ((1vw - 0.2rem) * 3.952), 5rem);\">profesionales<\/h2>\n<\/div>\n<\/div><\/div>\n\n\n\n<div class=\"wp-block-cover alignfull is-light has-custom-content-position is-position-center-right wp-duotone-unset-2\" style=\"margin-top:0;padding-top:48px;padding-right:48px;padding-bottom:48px;padding-left:48px;min-height:64vh;aspect-ratio:unset;\"><img loading=\"lazy\" decoding=\"async\" width=\"1024\" height=\"640\" class=\"wp-block-cover__image-background wp-image-538 size-large\" alt=\"\" src=\"https:\/\/trufanegralajarilla.com\/wp-content\/uploads\/2026\/01\/Cuchara-palo-1024x640.png\" data-object-fit=\"cover\" srcset=\"https:\/\/trufanegralajarilla.com\/wp-content\/uploads\/2026\/01\/Cuchara-palo-1024x640.png 1024w, https:\/\/trufanegralajarilla.com\/wp-content\/uploads\/2026\/01\/Cuchara-palo-300x188.png 300w, https:\/\/trufanegralajarilla.com\/wp-content\/uploads\/2026\/01\/Cuchara-palo-768x480.png 768w, https:\/\/trufanegralajarilla.com\/wp-content\/uploads\/2026\/01\/Cuchara-palo-500x313.png 500w, https:\/\/trufanegralajarilla.com\/wp-content\/uploads\/2026\/01\/Cuchara-palo-800x500.png 800w, https:\/\/trufanegralajarilla.com\/wp-content\/uploads\/2026\/01\/Cuchara-palo.png 1280w\" sizes=\"auto, (max-width: 1024px) 100vw, 1024px\" \/><span aria-hidden=\"true\" class=\"wp-block-cover__background has-background-dim-0 has-background-dim\"><\/span><div class=\"wp-block-cover__inner-container is-layout-flow wp-block-cover-is-layout-flow\">\n<div class=\"wp-block-columns is-layout-flex wp-container-core-columns-is-layout-76136483 wp-block-columns-is-layout-flex\" style=\"margin-top:0;margin-bottom:0;padding-top:0;padding-right:0;padding-bottom:0;padding-left:0\">\n<div class=\"wp-block-column is-vertically-aligned-center is-layout-flow wp-block-column-is-layout-flow\"><\/div>\n\n\n\n<div class=\"wp-block-column is-layout-flow wp-block-column-is-layout-flow\" style=\"flex-basis:250px\"><\/div>\n\n\n\n<div class=\"wp-block-column is-vertically-aligned-stretch has-background is-layout-flow wp-container-core-column-is-layout-5ffcb008 wp-block-column-is-layout-flow\" style=\"border-top-left-radius:26px;border-top-right-radius:26px;border-bottom-left-radius:26px;border-bottom-right-radius:26px;background-color:#ffffffcc;padding-top:var(--wp--preset--spacing--20);padding-right:0;padding-bottom:var(--wp--preset--spacing--20);padding-left:0\">\n<h2 class=\"wp-block-heading has-text-align-center has-text-color has-link-color has-alta-font-family wp-elements-4ce6ea289a12af0e180352c22b017bd9\" style=\"color:#594d49;padding-right:0;padding-left:0;font-size:clamp(2.629rem, 2.629rem + ((1vw - 0.2rem) * 3.952), 5rem);text-transform:uppercase\">comercios<\/h2>\n\n\n\n<p class=\"has-text-align-center texto-justificado has-open-sans-font-family\" style=\"border-style:none;border-width:0px;border-top-left-radius:39px;border-top-right-radius:39px;border-bottom-left-radius:39px;border-bottom-right-radius:39px;margin-left:0;padding-right:var(--wp--preset--spacing--20);padding-left:var(--wp--preset--spacing--20);font-size:clamp(14px, 0.875rem + ((1vw - 3.2px) * 0.313), 17px);\">\u00bfQuieres elevar tu tienda gourmet con trufa negra de m\u00e1xima frescura? En La Jarilla suministramos cantidades personalizadas, calidades premium y log\u00edstica eficiente para profesionales.<\/p>\n<\/div>\n<\/div>\n<\/div><\/div>\n\n\n\n<div class=\"wp-block-cover is-light has-custom-content-position is-position-center-right wp-duotone-unset-3\" style=\"margin-top:0;padding-top:48px;padding-right:48px;padding-bottom:48px;padding-left:48px;min-height:66vh;aspect-ratio:unset;\"><img loading=\"lazy\" decoding=\"async\" width=\"1024\" height=\"681\" class=\"wp-block-cover__image-background wp-image-391 size-large\" alt=\"\" src=\"http:\/\/trufanegralajarilla.com\/wp-content\/uploads\/2025\/12\/DSC017522-1024x681.jpg\" data-object-fit=\"cover\" srcset=\"https:\/\/trufanegralajarilla.com\/wp-content\/uploads\/2025\/12\/DSC017522-1024x681.jpg 1024w, https:\/\/trufanegralajarilla.com\/wp-content\/uploads\/2025\/12\/DSC017522-300x200.jpg 300w, https:\/\/trufanegralajarilla.com\/wp-content\/uploads\/2025\/12\/DSC017522-768x511.jpg 768w, https:\/\/trufanegralajarilla.com\/wp-content\/uploads\/2025\/12\/DSC017522-1536x1022.jpg 1536w, https:\/\/trufanegralajarilla.com\/wp-content\/uploads\/2025\/12\/DSC017522-2048x1363.jpg 2048w\" sizes=\"auto, (max-width: 1024px) 100vw, 1024px\" \/><span aria-hidden=\"true\" class=\"wp-block-cover__background has-background-dim-0 has-background-dim\"><\/span><div class=\"wp-block-cover__inner-container is-layout-flow wp-block-cover-is-layout-flow\">\n<div class=\"wp-block-columns is-layout-flex wp-container-core-columns-is-layout-76136483 wp-block-columns-is-layout-flex\" style=\"margin-top:0;margin-bottom:0;padding-top:0;padding-right:0;padding-bottom:0;padding-left:0\">\n<div class=\"wp-block-column is-vertically-aligned-center is-layout-flow wp-block-column-is-layout-flow\"><\/div>\n\n\n\n<div class=\"wp-block-column is-layout-flow wp-block-column-is-layout-flow\" style=\"flex-basis:250px\"><\/div>\n\n\n\n<div class=\"wp-block-column is-vertically-aligned-stretch has-background is-layout-flow wp-container-core-column-is-layout-5ffcb008 wp-block-column-is-layout-flow\" style=\"border-top-left-radius:26px;border-top-right-radius:26px;border-bottom-left-radius:26px;border-bottom-right-radius:26px;background-color:#ffffffbd;padding-top:var(--wp--preset--spacing--20);padding-right:0;padding-bottom:var(--wp--preset--spacing--20);padding-left:0\">\n<h2 class=\"wp-block-heading has-text-align-center has-text-color has-link-color has-alta-font-family wp-elements-f42cf0a406e2a6d7b0365660d73b0004\" style=\"color:#594d49;padding-right:0;padding-left:0;font-size:clamp(2.629rem, 2.629rem + ((1vw - 0.2rem) * 3.952), 5rem);text-transform:uppercase\">Restaurantes<\/h2>\n\n\n\n<p class=\"has-text-align-center texto-justificado has-open-sans-font-family\" style=\"border-style:none;border-width:0px;border-top-left-radius:39px;border-top-right-radius:39px;border-bottom-left-radius:39px;border-bottom-right-radius:39px;margin-left:0;padding-right:var(--wp--preset--spacing--20);padding-left:var(--wp--preset--spacing--20);font-size:clamp(14px, 0.875rem + ((1vw - 3.2px) * 0.313), 17px);\"> Da un salto de calidad a tu carta con nuestra trufa negra fresca, ideal para crear platos \u00fanicos y memorables, haciendo la alta gastronom\u00eda m\u00e1s accesible para tu negocio de hosteler\u00eda.<\/p>\n<\/div>\n<\/div>\n<\/div><\/div>\n\n\n\n<div class=\"wp-block-columns has-background is-layout-flex wp-container-core-columns-is-layout-2e2c5186 wp-block-columns-is-layout-flex\" style=\"border-style:none;border-width:0px;background-color:#e4e4de;margin-top:0;margin-bottom:0;padding-top:0;padding-right:0px;padding-bottom:0;padding-left:0px\">\n<div class=\"wp-block-column is-vertically-aligned-center is-layout-flow wp-container-core-column-is-layout-0277d95b wp-block-column-is-layout-flow\" style=\"border-style:none;border-width:0px;border-top-left-radius:0px;border-top-right-radius:0px;border-bottom-left-radius:0px;border-bottom-right-radius:0px;padding-top:var(--wp--preset--spacing--40);padding-right:0;padding-bottom:var(--wp--preset--spacing--40);padding-left:0\">\n<h2 class=\"wp-block-heading has-text-align-center has-text-color has-link-color has-open-sans-font-family wp-elements-874826c327a30f7e468e9adb066b59f4\" style=\"color:#594d49;padding-right:var(--wp--preset--spacing--50);padding-left:var(--wp--preset--spacing--50);font-size:clamp(22.041px, 1.378rem + ((1vw - 3.2px) * 1.454), 36px);font-style:normal;font-weight:400\">Contacta y consigue precios especiales<\/h2>\n\n\n\n<p class=\"has-text-align-center texto-justificado has-open-sans-font-family\" style=\"padding-right:var(--wp--preset--spacing--50);padding-left:var(--wp--preset--spacing--50);font-size:clamp(14px, 0.875rem + ((1vw - 3.2px) * 0.313), 17px);\">En La Jarilla entendemos las necesidades de los profesionales de la cocina. Cont\u00e1ctanos y podr\u00e1s comprar trufa al peso, eligiendo distintas cantidades y calidades seg\u00fan lo que mejor se adapte a tu negocio.<\/p>\n\n\n\n<div class=\"wp-block-buttons is-content-justification-center is-layout-flex wp-container-core-buttons-is-layout-a89b3969 wp-block-buttons-is-layout-flex\">\n<div class=\"wp-block-button\"><a class=\"wp-block-button__link has-background wp-element-button\" href=\"https:\/\/trufanegralajarilla.com\/?page_id=25\" style=\"background-color:#494234\">Cont\u00e1ctanos<\/a><\/div>\n<\/div>\n<\/div>\n\n\n\n<div class=\"wp-block-column is-vertically-aligned-center has-background is-layout-flow wp-container-core-column-is-layout-470e7e12 wp-block-column-is-layout-flow\" style=\"background-color:#e4e4de;padding-top:0;padding-right:0;padding-bottom:0;padding-left:0\">\n<div class=\"wp-block-cover is-light\" style=\"margin-bottom:0;padding-top:0;padding-bottom:0\"><img loading=\"lazy\" decoding=\"async\" width=\"1024\" height=\"747\" class=\"wp-block-cover__image-background wp-image-488 size-large\" alt=\"\" src=\"http:\/\/trufanegralajarilla.com\/wp-content\/uploads\/2026\/01\/Trufa-tenedor-1024x747.png\" data-object-fit=\"cover\" srcset=\"https:\/\/trufanegralajarilla.com\/wp-content\/uploads\/2026\/01\/Trufa-tenedor-1024x747.png 1024w, https:\/\/trufanegralajarilla.com\/wp-content\/uploads\/2026\/01\/Trufa-tenedor-300x219.png 300w, https:\/\/trufanegralajarilla.com\/wp-content\/uploads\/2026\/01\/Trufa-tenedor-768x560.png 768w, https:\/\/trufanegralajarilla.com\/wp-content\/uploads\/2026\/01\/Trufa-tenedor-500x365.png 500w, https:\/\/trufanegralajarilla.com\/wp-content\/uploads\/2026\/01\/Trufa-tenedor-800x584.png 800w, https:\/\/trufanegralajarilla.com\/wp-content\/uploads\/2026\/01\/Trufa-tenedor.png 1184w\" sizes=\"auto, (max-width: 1024px) 100vw, 1024px\" \/><span aria-hidden=\"true\" class=\"wp-block-cover__background has-background-dim-0 has-background-dim\" style=\"background-color:#e2e7e7\"><\/span><div class=\"wp-block-cover__inner-container is-layout-flow wp-block-cover-is-layout-flow\">\n<p class=\"has-text-align-center has-large-font-size\"><\/p>\n<\/div><\/div>\n<\/div>\n<\/div>\n","protected":false},"excerpt":{"rendered":"<p>Contacta y consigue precios especiales En La Jarilla entendemos las necesidades de los profesionales de la cocina. Cont\u00e1ctanos y podr\u00e1s comprar trufa al peso, eligiendo distintas cantidades y calidades seg\u00fan lo que mejor se adapte a tu negocio.<\/p>\n","protected":false},"author":1,"featured_media":0,"parent":0,"menu_order":0,"comment_status":"closed","ping_status":"closed","template":"custom-template-1","meta":{"footnotes":""},"class_list":["post-434","page","type-page","status-publish","hentry"],"_links":{"self":[{"href":"https:\/\/trufanegralajarilla.com\/index.php\/wp-json\/wp\/v2\/pages\/434","targetHints":{"allow":["GET"]}}],"collection":[{"href":"https:\/\/trufanegralajarilla.com\/index.php\/wp-json\/wp\/v2\/pages"}],"about":[{"href":"https:\/\/trufanegralajarilla.com\/index.php\/wp-json\/wp\/v2\/types\/page"}],"author":[{"embeddable":true,"href":"https:\/\/trufanegralajarilla.com\/index.php\/wp-json\/wp\/v2\/users\/1"}],"replies":[{"embeddable":true,"href":"https:\/\/trufanegralajarilla.com\/index.php\/wp-json\/wp\/v2\/comments?post=434"}],"version-history":[{"count":55,"href":"https:\/\/trufanegralajarilla.com\/index.php\/wp-json\/wp\/v2\/pages\/434\/revisions"}],"predecessor-version":[{"id":546,"href":"https:\/\/trufanegralajarilla.com\/index.php\/wp-json\/wp\/v2\/pages\/434\/revisions\/546"}],"wp:attachment":[{"href":"https:\/\/trufanegralajarilla.com\/index.php\/wp-json\/wp\/v2\/media?parent=434"}],"curies":[{"name":"wp","href":"https:\/\/api.w.org\/{rel}","templated":true}]}}